{"id":2146,"date":"2016-09-15T15:42:36","date_gmt":"2016-09-15T18:42:36","guid":{"rendered":"http:\/\/eletricity.com.br\/site\/?page_id=2146"},"modified":"2019-07-05T08:57:45","modified_gmt":"2019-07-05T11:57:45","slug":"eletricity-2","status":"publish","type":"page","link":"https:\/\/eletricity.com.br\/site\/eletricity-2","title":{"rendered":"Eletricity Engenharia El\u00e9trica"},"content":{"rendered":"<p>[vc_row content_width=&#8221;fullwidth&#8221; css=&#8221;.vc_custom_1474052990386{padding-top: 0px !important;padding-bottom: 0px !important;}&#8221; fullwidth=&#8221;yes&#8221; row_width=&#8221;fullwidth&#8221;][vc_column][layerslider_vc id=&#8221;3&#8243;][\/vc_column][\/vc_row][vc_row color_scheme=&#8221;white&#8221; css=&#8221;.vc_custom_1474389519435{margin-top: -35px !important;padding-top: 15px !important;padding-bottom: 15px !important;background-color: #1f1f1f !important;}&#8221;][vc_column][vc_column_text]<\/p>\n<h2 style=\"text-align: left;\"><strong>ELETRICITY SERVI\u00c7OS EL\u00c9TRICOS &#8211; PAIX\u00c3O POR FAZER BEM FEITO.<\/strong><\/h2>\n<p>[\/vc_column_text][vc_column_text css=&#8221;.vc_custom_1562327840384{margin-top: -30px !important;margin-bottom: -2px !important;}&#8221;]<\/p>\n<p style=\"text-align: left;\">Solicite uma visita t\u00e9cnica! Telefone: <img loading=\"lazy\" decoding=\"async\" class=\"wp-image-5764 alignnone\" src=\"https:\/\/eletricity.com.br\/site\/wp-content\/uploads\/2019\/07\/LOGO-WHATSAPP-300x284.png\" alt=\"\" width=\"21\" height=\"20\" srcset=\"https:\/\/eletricity.com.br\/site\/wp-content\/uploads\/2019\/07\/LOGO-WHATSAPP-300x284.png 300w, https:\/\/eletricity.com.br\/site\/wp-content\/uploads\/2019\/07\/LOGO-WHATSAPP-150x150.png 150w, https:\/\/eletricity.com.br\/site\/wp-content\/uploads\/2019\/07\/LOGO-WHATSAPP-768x728.png 768w, https:\/\/eletricity.com.br\/site\/wp-content\/uploads\/2019\/07\/LOGO-WHATSAPP-1024x971.png 1024w, https:\/\/eletricity.com.br\/site\/wp-content\/uploads\/2019\/07\/LOGO-WHATSAPP-100x100.png 100w, https:\/\/eletricity.com.br\/site\/wp-content\/uploads\/2019\/07\/LOGO-WHATSAPP-880x834.png 880w, https:\/\/eletricity.com.br\/site\/wp-content\/uploads\/2019\/07\/LOGO-WHATSAPP-450x427.png 450w, https:\/\/eletricity.com.br\/site\/wp-content\/uploads\/2019\/07\/LOGO-WHATSAPP-270x270.png 270w, https:\/\/eletricity.com.br\/site\/wp-content\/uploads\/2019\/07\/LOGO-WHATSAPP.png 1041w\" sizes=\"(max-width: 21px) 100vw, 21px\" \/>\u00a0(31)\u00a03313-2398<\/p>\n<p>[\/vc_column_text][\/vc_column][\/vc_row][vc_row el_id=&#8221;empresa&#8221; css=&#8221;.vc_custom_1475692856916{margin-top: 15px !important;margin-bottom: -35px !important;}&#8221;][vc_column]<div class=\"vntd-special-heading\"style=\"margin-bottom:62px;\"><h1 class=\"header  animated\" data-animation=\"fadeIn\" data-animation-delay=\"100\">Empresa<\/h1><div class=\"header-strips-one  animated\" data-animation=\"fadeIn\" data-animation-delay=\"100\"><\/div><h2 class=\"description normal  animated\" data-animation=\"fadeIn\" data-animation-delay=\"100\">Atendemos Todo o Brasil - Telefone (31) 3313-2398<\/h2><\/div>[vc_column_text css=&#8221;.vc_custom_1474291551650{margin-top: -15px !important;}&#8221;]Fundada em 2004, a ELETRICITY ENGENHARIA EL\u00c9TRICA \u00e9 uma empresa especializada em presta\u00e7\u00e3o de servi\u00e7os. Com equipe t\u00e9cnica pr\u00f3pria, formada por engenheiros, t\u00e9cnicos e profissionais altamente qualificados e especializados, oferecemos aos nossos clientes solu\u00e7\u00f5es completas em engenharia el\u00e9trica, cabeamento estruturado, sistemas de seguran\u00e7a eletr\u00f4nica e automa\u00e7\u00e3o, desenvolvidas sob r\u00edgidas normas de seguran\u00e7a e qualidade, garantindo economia e sustentabilidade aos nossos projetos.<\/p>\n<p>Investimos constantemente em treinamento e reciclagem dos nossos colaboradores, patrim\u00f4nio maior da empresa. Utilizamos ferramentas modernas e tecnol\u00f3gicas para garantir a perfei\u00e7\u00e3o dos nossos trabalhos, proporcionando um ambiente de franco aprendizado e desenvolvimento profissional.<\/p>\n<p>Trabalhamos para garantir a satisfa\u00e7\u00e3o dos nossos clientes, buscando continuamente a supera\u00e7\u00e3o das expectativas de qualidade e cumprimento dos cronogramas. Nosso diferencial est\u00e1 na constante atualiza\u00e7\u00e3o tecnol\u00f3gica, que nos permite apresentar aos nossos clientes as melhores solu\u00e7\u00f5es para suas demandas.<\/p>\n<p>Estamos localizados na\u00a0Rua Alfredo Caporale, 226 &#8211;\u00a0Palmeiras &#8211; Belo Horizonte\/MG.[\/vc_column_text][vc_empty_space height=&#8221;55&#8243;][\/vc_column][\/vc_row][vc_row css=&#8221;.vc_custom_1475692870761{margin-top: -160px !important;margin-bottom: -25px !important;}&#8221;][vc_column][vc_empty_space height=&#8221;75&#8243;]<div class=\"vntd-special-heading\"style=\"margin-bottom:0px;\"><h1 class=\"header  animated\" data-animation=\"fadeIn\" data-animation-delay=\"100\">Depoimentos<\/h1><div class=\"header-strips-one  animated\" data-animation=\"fadeIn\" data-animation-delay=\"100\"><\/div><h2 class=\"description normal  animated\" data-animation=\"fadeIn\" data-animation-delay=\"100\">A opini\u00e3o de quem conhece nosso trabalho<\/h2><\/div>[\/vc_column][\/vc_row][vc_row parallax=&#8221;yes&#8221; bg_overlay=&#8221;dark&#8221; css=&#8221;.vc_custom_1475763033529{margin-top: -15px !important;padding-top: 0px !important;background-image: url(http:\/\/eletricity.com.br\/site\/wp-content\/uploads\/2016\/09\/fundo-2.jpg?id=2262) !important;}&#8221;][vc_column]    \n\t<div class=\"vntd-testimonial-carousel\">\n\t\n\t\t\n\t\t<div class=\"testimonials t-center\">\n\t\n\t\t<a class=\"t-arrow\"><\/a>\n\t\t\n\t\t<h1 class=\"quote white\">\t\t\t\n\t\t\t<i class=\"fa fa-quote-right\"><\/i>\n\t\t<\/h1>\t\n\t\t\n\t\t<ul class=\"text-slider clearfix\">\n\t\n\t<li class=\"text normal\"><h1 class=\"white\">A Eletricity entregou nosso projeto com <span>extrema qualidade,<\/span> cuidado com os detalhes e sem atrasos no cronograma proposto. Uma empresa que ama o que faz. Certamente estaremos juntos em projetos futuros.<\/h1><p class=\"author uppercase\">Jo\u00e3o Chequer - Diretor - Est\u00fadios Kidsa<\/p><\/li><li class=\"text normal\"><h1 class=\"white\">N\u00e3o basta tratar bem os clientes. Profissionalismo e esfor\u00e7o em entender o que ele precisa s\u00e3o essenciais para um excelente atendimento. <span>Falar da ELETRICITY \u00e9 pensar em parceria.<\/span> Entendem o que precisamos, sentem prazer em nos servir, atendem com simpatia e empatia, trabalham com seguran\u00e7a, clareza, objetividade e transpar\u00eancia. Lembrem-se: ter clientes satisfeitos \u00e9 uma das melhores propagandas que sua empresa pode ter. Obrigado pelos servi\u00e7os prestados at\u00e9 aqui, e qu\u00ea essa parceria seja ainda mais duradoura.<\/h1><p class=\"author uppercase\">Ramon F\u00e9lix - Engenheiro Eletricista - Diretoria de Obras Grupo Sada<\/p><\/li><li class=\"text normal\"><h1 class=\"white\">Comprometimento, profissionalismo, arte e capacidade de aceitar desafios. Assim \u00e9 o DNA da Eletricity.\r\n\r\nDepois de v\u00e1rios projetos realizados ela se tornou meu <span>principal fornecedor de solu\u00e7\u00f5es energ\u00e9ticas e rede.<\/span><\/h1><p class=\"author uppercase\">Arli\u00ea Ribeiro - Tecnologia de Informa\u00e7\u00e3o - Plan B<\/p><\/li><li class=\"text normal\"><h1 class=\"white\">A empresa Eletricity h\u00e1 mais de seis anos presta servi\u00e7os \u00e0 Sempre Editora Ltda com <span>qualidade e presteza.<\/span><\/h1><p class=\"author uppercase\">Walmir Prado - Gerente Administrativo e Financeiro - Sempre Editora<\/p><\/li><li class=\"text normal\"><h1 class=\"white\">\"Gostaria de cumprimenta-los pelo <span>capricho, esmero e dedica\u00e7\u00e3o<\/span> que a Eletricity conduziu a obra aqui na Supermix.\r\n\r\nNuma \u00e9poca em que a maioria dos prestadores de servi\u00e7os n\u00e3o tem o menor comprometimento com seus clientes voc\u00eas demonstraram exatamente o contr\u00e1rio.\r\n\r\nContinuem assim, sempre presentes!!!!\r\n\r\nParab\u00e9ns!!!!\" <\/h1><p class=\"author uppercase\">Edison Dias Filho - Diretor Executivo - Supermix<\/p><\/li><li class=\"text normal\"><h1 class=\"white\">Tenho 40 anos de trabalho em empresas e conhe\u00e7o a Eletricity h\u00e1 14 anos.\r\n\r\nPosso afirmar que ao longo deste tempo, <span>ainda n\u00e3o encontrei uma empresa de presta\u00e7\u00e3o de servi\u00e7os, do porte da Eletricity,<\/span> que prime tanto pela qualidade do que faz. O ferramental que usam, \u00e9 um grande diferencial que ajuda, e muito, a sustentar o n\u00edvel de trabalho.\r\n\r\nParab\u00e9ns, eu recomendo.<\/h1><p class=\"author uppercase\">Jos\u00e9 Geraldo d\u00b4Assun\u00e7\u00e3o - Gerente de Manuten\u00e7\u00e3o El\u00e9trica - Supermix<\/p><\/li><li class=\"text normal\"><h1 class=\"white\">Sou hoje diretor de uma conceituada empresa de concreto e trabalho na mesma h\u00e1 26 anos.\r\n\r\nNo decorrer destes anos fizemos diversas modifica\u00e7\u00f5es em nossas instala\u00e7\u00f5es envolvendo projetos e execu\u00e7\u00e3o, estes de tamanho e complexidade variadas que foram executados com extrema <span>compet\u00eancia e profissionalismo<\/span> pela Eletricity.<\/h1><p class=\"author uppercase\">Jos\u00e9 Giampietro - Diretor Comercial - Supermix<\/p><\/li><li class=\"text normal\"><h1 class=\"white\">Eletricidade \u00e9 coisa s\u00e9ria, instala\u00e7\u00e3o el\u00e9trica n\u00e3o \u00e9 para amador, aventureiro ou curioso, \u00e9 um servi\u00e7o para profissional, a Eletricity nos prestou servi\u00e7os de pequeno a grande porte, desde um simples reparo ou instala\u00e7\u00e3o at\u00e9 redimensionamento de quadro el\u00e9trico e troca de fia\u00e7\u00f5es.\r\n\r\nTodos os servi\u00e7os foram prestados segundo as especifica\u00e7\u00f5es das normas t\u00e9cnicas \u2013 ABNT com muito profissionalismo efici\u00eancia e rapidez.\r\n\r\n<span>Realmente \u00e9 uma das melhores empresas parceiras que temos.<\/span> Parab\u00e9ns a toda a equipe.<\/h1><p class=\"author uppercase\">Vila Grimm - Grupo Gestor<\/p><\/li><li class=\"text normal\"><h1 class=\"white\">Com profissionais <span>extremamente qualificados<\/span>, a Eletricity consegue transmitir confian\u00e7a para seus clientes.\r\n\r\nA qualidade dos servi\u00e7os \u00e9 incontest\u00e1vel e os profissionais est\u00e3o sempre equipados com os equipamentos mais modernos para execu\u00e7\u00e3o eficiente dos projetos. Empresa apaixonada pelo que faz.<\/h1><p class=\"author uppercase\">Cristiano Lacerda - Gerente de TI - Dom Helder<\/p><\/li><li class=\"text normal\"><h1 class=\"white\">Como fornecedor da Sada, desde o in\u00edcio a empresa se comportou com <span>destreza, pontualidade e comprometimento<\/span> com o cronograma das obras. N\u00e3o havendo nenhuma reclama\u00e7\u00e3o por parte dos colaboradores da Sada em rela\u00e7\u00e3o as obras executadas durante o expediente.\r\n\r\nTodas as obras firmadas entre as partes foram finalizadas com sucesso sem necessidade de retrabalhos e toda documenta\u00e7\u00e3o foi entregue em cada final de obra.<\/h1><p class=\"author uppercase\">Edward Ribeiro - Supervisor TIC - Sada<\/p><\/li><\/ul><\/div><\/div>[\/vc_column][\/vc_row][vc_row el_id=&#8221;nossos-clientes&#8221;][vc_column]<div class=\"vntd-special-heading\"style=\"margin-bottom:0px;\"><h1 class=\"header  animated\" data-animation=\"fadeIn\" data-animation-delay=\"100\">Nossos Clientes<\/h1><div class=\"header-strips-one  animated\" data-animation=\"fadeIn\" data-animation-delay=\"100\"><\/div><h2 class=\"description normal  animated\" data-animation=\"fadeIn\" data-animation-delay=\"100\">Conhe\u00e7a alguns dos nossos principais clientes<\/h2><\/div>    \n\t<div class=\"vntd-logos-carousel\">\n\t\n\t\t<div class=\"client-logos\">\t\t\n\t\t\t\n\t\t\t<div class=\"logos boxed\">\n\t\n\t<a class=\"item\"><img decoding=\"async\" src=\"https:\/\/eletricity.com.br\/site\/wp-content\/uploads\/2016\/09\/Supermix.png\" alt><\/a><a class=\"item\"><img decoding=\"async\" src=\"https:\/\/eletricity.com.br\/site\/wp-content\/uploads\/2016\/09\/Sada.png\" alt><\/a><a class=\"item\"><img decoding=\"async\" src=\"https:\/\/eletricity.com.br\/site\/wp-content\/uploads\/2016\/09\/Caixa.png\" alt><\/a><a class=\"item\"><img decoding=\"async\" src=\"https:\/\/eletricity.com.br\/site\/wp-content\/uploads\/2016\/09\/schneider.fw_.png\" alt><\/a><a class=\"item\"><img decoding=\"async\" src=\"https:\/\/eletricity.com.br\/site\/wp-content\/uploads\/2016\/09\/Tempo.png\" alt><\/a><a class=\"item\"><img decoding=\"async\" src=\"https:\/\/eletricity.com.br\/site\/wp-content\/uploads\/2016\/09\/plan-b.png\" alt><\/a><a class=\"item\"><img decoding=\"async\" src=\"https:\/\/eletricity.com.br\/site\/wp-content\/uploads\/2016\/09\/Life.png\" alt><\/a><a class=\"item\"><img decoding=\"async\" src=\"https:\/\/eletricity.com.br\/site\/wp-content\/uploads\/2016\/09\/dom-helder.png\" alt><\/a><a class=\"item\"><img decoding=\"async\" src=\"https:\/\/eletricity.com.br\/site\/wp-content\/uploads\/2016\/09\/Jornal_Balc\u00e3o.png\" alt><\/a><a class=\"item\"><img decoding=\"async\" src=\"https:\/\/eletricity.com.br\/site\/wp-content\/uploads\/2016\/09\/VilaGrimm.png\" alt><\/a><\/div><\/div><\/div>[\/vc_column][\/vc_row]<\/p>\n","protected":false},"excerpt":{"rendered":"<p>[vc_row content_width=&#8221;fullwidth&#8221; css=&#8221;.vc_custom_1474052990386{padding-top: 0px !important;padding-bottom: 0px !important;}&#8221; fullwidth=&#8221;yes&#8221; row_width=&#8221;fullwidth&#8221;][vc_column][layerslider_vc id=&#8221;3&#8243;][\/vc_column][\/vc_row][vc_row color_scheme=&#8221;white&#8221; css=&#8221;.vc_custom_1474389519435{margin-top: -35px !important;padding-top: 15px !important;padding-bottom: 15px !important;background-color: #1f1f1f !important;}&#8221;][vc_column][vc_column_text] ELETRICITY SERVI\u00c7OS EL\u00c9TRICOS &#8211; PAIX\u00c3O POR FAZER BEM FEITO. [\/vc_column_text][vc_column_text css=&#8221;.vc_custom_1562327840384{margin-top: -30px !important;margin-bottom: -2px !important;}&#8221;] Solicite uma visita t\u00e9cnica! Telefone: \u00a0(31)\u00a03313-2398 [\/vc_column_text][\/vc_column][\/vc_row][vc_row el_id=&#8221;empresa&#8221; css=&#8221;.vc_custom_1475692856916{margin-top: 15px !important;margin-bottom: -35px !important;}&#8221;][vc_column][vc_column_text css=&#8221;.vc_custom_1474291551650{margin-top: -15px !important;}&#8221;]Fundada em 2004, a ELETRICITY ENGENHARIA EL\u00c9TRICA \u00e9 uma empresa especializada em presta\u00e7\u00e3o de servi\u00e7os. Com equipe t\u00e9cnica pr\u00f3pria, formada [&hellip;]<\/p>\n","protected":false},"author":1,"featured_media":0,"parent":0,"menu_order":0,"comment_status":"closed","ping_status":"closed","template":"template-onepager.php","meta":{"footnotes":""},"_links":{"self":[{"href":"https:\/\/eletricity.com.br\/site\/wp-json\/wp\/v2\/pages\/2146"}],"collection":[{"href":"https:\/\/eletricity.com.br\/site\/wp-json\/wp\/v2\/pages"}],"about":[{"href":"https:\/\/eletricity.com.br\/site\/wp-json\/wp\/v2\/types\/page"}],"author":[{"embeddable":true,"href":"https:\/\/eletricity.com.br\/site\/wp-json\/wp\/v2\/users\/1"}],"replies":[{"embeddable":true,"href":"https:\/\/eletricity.com.br\/site\/wp-json\/wp\/v2\/comments?post=2146"}],"version-history":[{"count":57,"href":"https:\/\/eletricity.com.br\/site\/wp-json\/wp\/v2\/pages\/2146\/revisions"}],"predecessor-version":[{"id":5770,"href":"https:\/\/eletricity.com.br\/site\/wp-json\/wp\/v2\/pages\/2146\/revisions\/5770"}],"wp:attachment":[{"href":"https:\/\/eletricity.com.br\/site\/wp-json\/wp\/v2\/media?parent=2146"}],"curies":[{"name":"wp","href":"https:\/\/api.w.org\/{rel}","templated":true}]}}